{"id":93,"date":"2020-10-20T21:41:05","date_gmt":"2020-10-20T21:41:05","guid":{"rendered":"http:\/\/www.endoyaz.com\/?page_id=93"},"modified":"2021-03-28T15:22:22","modified_gmt":"2021-03-28T15:22:22","slug":"uygulamalar","status":"publish","type":"page","link":"http:\/\/www.endoyaz.com\/index.php\/uygulamalar\/","title":{"rendered":"Hizmetlerimiz"},"content":{"rendered":"\n<ul><li>PLC ve HMI yaz\u0131l\u0131mlar\u0131<\/li><\/ul>\n\n\n\n<ul><li>Bir \u00e7ok marka PLC ile haberle\u015febilen Scada Uygulamalar\u0131<\/li><\/ul>\n\n\n\n<ul><li>End\u00fcstriyel cihazlardan, makinelerden verilerin toplanmas\u0131 ve bu verilerin trend g\u00f6sterimleri, \u00f6zel raporlamalar\u0131n yap\u0131lmas\u0131<\/li><\/ul>\n\n\n\n<ul><li>Driver ve Soft Starter kullanarak motor,fan ve pompalar\u0131n devreye al\u0131nmas\u0131<\/li><\/ul>\n\n\n\n<ul><li>Servo motor uygulamalar\u0131<\/li><\/ul>\n\n\n\n<ul><li>Projelendirme ve pano yap\u0131m\u0131<\/li><\/ul>\n\n\n\n<ul><li>Profesyonel dan\u0131\u015fmanl\u0131k hizmeti<\/li><\/ul>\n\n\n\n<p><\/p>\n","protected":false},"excerpt":{"rendered":"<p>PLC ve HMI yaz\u0131l\u0131mlar\u0131 Bir \u00e7ok marka PLC ile haberle\u015febilen Scada Uygulamalar\u0131 End\u00fcstriyel cihazlardan, makinelerden verilerin toplanmas\u0131 ve bu verilerin trend g\u00f6sterimleri, \u00f6zel raporlamalar\u0131n yap\u0131lmas\u0131 Driver ve Soft Starter kullanarak motor,fan ve pompalar\u0131n devreye al\u0131nmas\u0131 Servo motor uygulamalar\u0131 Projelendirme ve<\/p>\n","protected":false},"author":1,"featured_media":38,"parent":0,"menu_order":0,"comment_status":"closed","ping_status":"closed","template":"","meta":[],"_links":{"self":[{"href":"http:\/\/www.endoyaz.com\/index.php\/wp-json\/wp\/v2\/pages\/93"}],"collection":[{"href":"http:\/\/www.endoyaz.com\/index.php\/wp-json\/wp\/v2\/pages"}],"about":[{"href":"http:\/\/www.endoyaz.com\/index.php\/wp-json\/wp\/v2\/types\/page"}],"author":[{"embeddable":true,"href":"http:\/\/www.endoyaz.com\/index.php\/wp-json\/wp\/v2\/users\/1"}],"replies":[{"embeddable":true,"href":"http:\/\/www.endoyaz.com\/index.php\/wp-json\/wp\/v2\/comments?post=93"}],"version-history":[{"count":6,"href":"http:\/\/www.endoyaz.com\/index.php\/wp-json\/wp\/v2\/pages\/93\/revisions"}],"predecessor-version":[{"id":173,"href":"http:\/\/www.endoyaz.com\/index.php\/wp-json\/wp\/v2\/pages\/93\/revisions\/173"}],"wp:featuredmedia":[{"embeddable":true,"href":"http:\/\/www.endoyaz.com\/index.php\/wp-json\/wp\/v2\/media\/38"}],"wp:attachment":[{"href":"http:\/\/www.endoyaz.com\/index.php\/wp-json\/wp\/v2\/media?parent=93"}],"curies":[{"name":"wp","href":"https:\/\/api.w.org\/{rel}","templated":true}]}}